{"id":2212,"date":"2016-12-16T16:21:40","date_gmt":"2016-12-16T16:21:40","guid":{"rendered":"http:\/\/sonlinh.vn\/?post_type=product&#038;p=2212"},"modified":"2020-11-27T09:37:48","modified_gmt":"2020-11-27T09:37:48","slug":"nha-may-bao-bi-phu-an-phu-an-packaging-factory","status":"publish","type":"product","link":"http:\/\/sonlinh.vn\/en\/product\/nha-may-bao-bi-phu-an-phu-an-packaging-factory\/","title":{"rendered":"Phu An Packaging Factory \/ Phu An Packaging factory"},"content":{"rendered":"","protected":false},"excerpt":{"rendered":"<table style=\"border-collapse: collapse; width: 100%; height: 127px;\">\n<tbody>\n<tr style=\"height: 22px;\">\n<td style=\"width: 54px; height: 22px;\"><img loading=\"lazy\" class=\"aligncenter wp-image-820 size-full\" src=\"http:\/\/sonlinh.vn\/wp-content\/uploads\/2020\/06\/ic-ct-pj-1.png\" alt=\"\" width=\"16\" height=\"22\" \/><\/td>\n<td style=\"width: 409px; height: 22px; text-align: left;\">Investor \/ Main Contractor:<\/p>\n<p>Owner\/ Main contractor:<\/td>\n<td style=\"width: 352px; height: 22px; text-align: left;\">C\u00f4ng ty CP Gi\u1ea5y v\u00e0 Bao b\u00ec Ph\u00fa An<\/p>\n<p>Phu An Paper and Packaging Joint Stock Company<\/td>\n<\/tr>\n<tr style=\"height: 21px;\">\n<td style=\"width: 54px; height: 21px;\"><img loading=\"lazy\" class=\"aligncenter wp-image-821 size-full\" src=\"http:\/\/sonlinh.vn\/wp-content\/uploads\/2020\/06\/ic-ct-pj-2.png\" alt=\"\" width=\"14\" height=\"20\" \/><\/td>\n<td style=\"width: 409px; height: 21px; text-align: left;\">\u0110\u1ecba \u0111i\u1ec3m\/ Locaition:<\/td>\n<td style=\"width: 352px; height: 21px; text-align: left;\">Phong Khe IZ, Bac Ninh<\/td>\n<\/tr>\n<tr style=\"height: 21px;\">\n<td style=\"width: 54px; height: 21px;\"><img loading=\"lazy\" class=\"aligncenter wp-image-822 size-full\" src=\"http:\/\/sonlinh.vn\/wp-content\/uploads\/2020\/06\/ic-ct-pj-3.png\" alt=\"\" width=\"24\" height=\"20\" \/><\/td>\n<td style=\"width: 409px; height: 21px; text-align: left;\">Quy m\u00f4\/ Scale:<\/td>\n<td style=\"width: 352px; height: 21px; text-align: left;\">8.600 m2<\/td>\n<\/tr>\n<tr style=\"height: 21px;\">\n<td style=\"width: 54px; height: 21px;\"><img loading=\"lazy\" class=\"aligncenter wp-image-823 size-full\" src=\"http:\/\/sonlinh.vn\/wp-content\/uploads\/2020\/06\/ic-ct-pj-4.png\" alt=\"\" width=\"21\" height=\"21\" \/><\/td>\n<td style=\"width: 409px; height: 21px; text-align: left;\">Th\u01a1\u0300i gian\/ Time:<\/td>\n<td style=\"width: 352px; height: 21px; text-align: left;\">2016<\/td>\n<\/tr>\n<tr style=\"height: 21px;\">\n<td style=\"width: 54px; height: 21px;\"><img loading=\"lazy\" class=\"aligncenter wp-image-824 size-full\" src=\"http:\/\/sonlinh.vn\/wp-content\/uploads\/2020\/06\/ic-ct-pj-5.png\" alt=\"\" width=\"18\" height=\"14\" \/><\/td>\n<td style=\"width: 409px; height: 21px; text-align: left;\">Gia\u0301 tri\u0323 H\u0110\/ Contract:<\/td>\n<td style=\"width: 352px; height: 21px; text-align: left;\">6.542.000.000 VN\u0110<\/td>\n<\/tr>\n<tr style=\"height: 21px;\">\n<td style=\"width: 54px; height: 21px;\"><img loading=\"lazy\" class=\"aligncenter wp-image-825\" src=\"http:\/\/sonlinh.vn\/wp-content\/uploads\/2020\/06\/ic-ct-pj-6.png\" alt=\"\" width=\"19\" height=\"19\" \/><\/td>\n<td style=\"width: 409px; height: 21px;\">Ghi ch\u00fa\/ Note:<\/td>\n<td style=\"width: 352px; height: 21px;\"><\/td>\n<\/tr>\n<\/tbody>\n<\/table>\n<p>&nbsp;<\/p>\n<p>&nbsp;<\/p>","protected":false},"featured_media":2220,"comment_status":"open","ping_status":"closed","template":"","meta":[],"_links":{"self":[{"href":"http:\/\/sonlinh.vn\/en\/wp-json\/wp\/v2\/product\/2212"}],"collection":[{"href":"http:\/\/sonlinh.vn\/en\/wp-json\/wp\/v2\/product"}],"about":[{"href":"http:\/\/sonlinh.vn\/en\/wp-json\/wp\/v2\/types\/product"}],"replies":[{"embeddable":true,"href":"http:\/\/sonlinh.vn\/en\/wp-json\/wp\/v2\/comments?post=2212"}],"wp:featuredmedia":[{"embeddable":true,"href":"http:\/\/sonlinh.vn\/en\/wp-json\/wp\/v2\/media\/2220"}],"wp:attachment":[{"href":"http:\/\/sonlinh.vn\/en\/wp-json\/wp\/v2\/media?parent=2212"}],"curies":[{"name":"wp","href":"https:\/\/api.w.org\/{rel}","templated":true}]}}