{"id":2236,"date":"2017-05-16T16:57:46","date_gmt":"2017-05-16T16:57:46","guid":{"rendered":"http:\/\/sonlinh.vn\/?post_type=product&#038;p=2236"},"modified":"2021-01-11T02:56:14","modified_gmt":"2021-01-11T02:56:14","slug":"kho-san-pham-khu-nhiet-sinh-khoi-warehouse-heat-generating-area","status":"publish","type":"product","link":"http:\/\/sonlinh.vn\/en\/product\/kho-san-pham-khu-nhiet-sinh-khoi-warehouse-heat-generating-area\/","title":{"rendered":"Product warehouse + biomass heat zone"},"content":{"rendered":"","protected":false},"excerpt":{"rendered":"<table style=\"border-collapse: collapse; width: 100%; height: 127px;\">\n<tbody>\n<tr style=\"height: 22px;\">\n<td style=\"width: 7.03027%; height: 22px;\"><img loading=\"lazy\" class=\"aligncenter wp-image-820 size-full\" src=\"http:\/\/sonlinh.vn\/wp-content\/uploads\/2020\/06\/ic-ct-pj-1.png\" alt=\"\" width=\"16\" height=\"22\" \/><\/td>\n<td style=\"width: 50%; height: 22px; text-align: left;\">Investor \/ Main Contractor:<\/td>\n<td style=\"width: 50%; height: 22px; text-align: left;\">C\u00f4ng ty CP Supe v\u00e0 H\u00f3a ch\u1ea5t L\u00e2m Thao<\/td>\n<\/tr>\n<tr style=\"height: 21px;\">\n<td style=\"width: 7.03027%; height: 21px;\"><img loading=\"lazy\" class=\"aligncenter wp-image-821 size-full\" src=\"http:\/\/sonlinh.vn\/wp-content\/uploads\/2020\/06\/ic-ct-pj-2.png\" alt=\"\" width=\"14\" height=\"20\" \/><\/td>\n<td style=\"width: 50%; height: 21px; text-align: left;\">Address:<\/td>\n<td style=\"width: 50%; height: 21px; text-align: left;\">Lam Thao, Phu Tho<\/td>\n<\/tr>\n<tr style=\"height: 21px;\">\n<td style=\"width: 7.03027%; height: 21px;\"><img loading=\"lazy\" class=\"aligncenter wp-image-822 size-full\" src=\"http:\/\/sonlinh.vn\/wp-content\/uploads\/2020\/06\/ic-ct-pj-3.png\" alt=\"\" width=\"24\" height=\"20\" \/><\/td>\n<td style=\"width: 50%; height: 21px; text-align: left;\">Scale:<\/td>\n<td style=\"width: 50%; height: 21px; text-align: left;\">4.300 m2<\/td>\n<\/tr>\n<tr style=\"height: 21px;\">\n<td style=\"width: 7.03027%; height: 21px;\"><img loading=\"lazy\" class=\"aligncenter wp-image-823 size-full\" src=\"http:\/\/sonlinh.vn\/wp-content\/uploads\/2020\/06\/ic-ct-pj-4.png\" alt=\"\" width=\"21\" height=\"21\" \/><\/td>\n<td style=\"width: 50%; height: 21px; text-align: left;\">Time:<\/td>\n<td style=\"width: 50%; height: 21px; text-align: left;\">2017<\/td>\n<\/tr>\n<tr style=\"height: 21px;\">\n<td style=\"width: 7.03027%; height: 21px;\"><img loading=\"lazy\" class=\"aligncenter wp-image-824 size-full\" src=\"http:\/\/sonlinh.vn\/wp-content\/uploads\/2020\/06\/ic-ct-pj-5.png\" alt=\"\" width=\"18\" height=\"14\" \/><\/td>\n<td style=\"width: 50%; height: 21px; text-align: left;\">Contract value:<\/td>\n<td style=\"width: 50%; height: 21px; text-align: left;\">14.850.000.000 VN\u0110<\/td>\n<\/tr>\n<tr style=\"height: 21px;\">\n<td style=\"width: 7.03027%; height: 21px;\"><img loading=\"lazy\" class=\"aligncenter wp-image-825\" src=\"http:\/\/sonlinh.vn\/wp-content\/uploads\/2020\/06\/ic-ct-pj-6.png\" alt=\"\" width=\"19\" height=\"19\" \/><\/td>\n<td style=\"width: 50%; height: 21px;\">Notes:<\/td>\n<td style=\"width: 50%; height: 21px;\"><\/td>\n<\/tr>\n<\/tbody>\n<\/table>\n<p>&nbsp;<\/p>\n<p>&nbsp;<\/p>\n<p>&nbsp;<\/p>","protected":false},"featured_media":2254,"comment_status":"open","ping_status":"closed","template":"","meta":[],"_links":{"self":[{"href":"http:\/\/sonlinh.vn\/en\/wp-json\/wp\/v2\/product\/2236"}],"collection":[{"href":"http:\/\/sonlinh.vn\/en\/wp-json\/wp\/v2\/product"}],"about":[{"href":"http:\/\/sonlinh.vn\/en\/wp-json\/wp\/v2\/types\/product"}],"replies":[{"embeddable":true,"href":"http:\/\/sonlinh.vn\/en\/wp-json\/wp\/v2\/comments?post=2236"}],"wp:featuredmedia":[{"embeddable":true,"href":"http:\/\/sonlinh.vn\/en\/wp-json\/wp\/v2\/media\/2254"}],"wp:attachment":[{"href":"http:\/\/sonlinh.vn\/en\/wp-json\/wp\/v2\/media?parent=2236"}],"curies":[{"name":"wp","href":"https:\/\/api.w.org\/{rel}","templated":true}]}}