{"id":2596,"date":"2021-01-21T03:58:21","date_gmt":"2021-01-21T03:58:21","guid":{"rendered":"http:\/\/sonlinh.vn\/?post_type=product&#038;p=2596"},"modified":"2021-04-22T09:39:36","modified_gmt":"2021-04-22T09:39:36","slug":"ket-cau-thep-khu-e-luxshare-van-trung","status":"publish","type":"product","link":"http:\/\/sonlinh.vn\/en\/product\/ket-cau-thep-khu-e-luxshare-van-trung\/","title":{"rendered":"Steel structure in E zone - Luxshare Van Trung"},"content":{"rendered":"","protected":false},"excerpt":{"rendered":"<table style=\"border-collapse: collapse; width: 100%; height: 127px;\">\n<tbody>\n<tr style=\"height: 22px;\">\n<td style=\"width: 7.03027%; height: 22px;\"><img loading=\"lazy\" class=\"aligncenter wp-image-820 size-full\" src=\"http:\/\/sonlinh.vn\/wp-content\/uploads\/2020\/06\/ic-ct-pj-1.png\" alt=\"\" width=\"16\" height=\"22\" \/><\/td>\n<td style=\"width: 50%; height: 22px; text-align: left;\">Investor \/ Main Contractor:<\/td>\n<td style=\"width: 50%; height: 22px; text-align: left;\">C\u00f4ng ty \u0110T v\u00e0 XD VINACO<\/td>\n<\/tr>\n<tr style=\"height: 21px;\">\n<td style=\"width: 7.03027%; height: 21px;\"><img loading=\"lazy\" class=\"aligncenter wp-image-821 size-full\" src=\"http:\/\/sonlinh.vn\/wp-content\/uploads\/2020\/06\/ic-ct-pj-2.png\" alt=\"\" width=\"14\" height=\"20\" \/><\/td>\n<td style=\"width: 50%; height: 21px; text-align: left;\">Address:<\/td>\n<td style=\"width: 50%; height: 21px; text-align: left;\">Van Trung ID &#8211; Bac Giang<\/td>\n<\/tr>\n<tr style=\"height: 21px;\">\n<td style=\"width: 7.03027%; height: 21px;\"><img loading=\"lazy\" class=\"aligncenter wp-image-822 size-full\" src=\"http:\/\/sonlinh.vn\/wp-content\/uploads\/2020\/06\/ic-ct-pj-3.png\" alt=\"\" width=\"24\" height=\"20\" \/><\/td>\n<td style=\"width: 50%; height: 21px; text-align: left;\">Scale:<\/td>\n<td style=\"width: 50%; height: 21px; text-align: left;\">6.800 m2<\/td>\n<\/tr>\n<tr style=\"height: 21px;\">\n<td style=\"width: 7.03027%; height: 21px;\"><img loading=\"lazy\" class=\"aligncenter wp-image-823 size-full\" src=\"http:\/\/sonlinh.vn\/wp-content\/uploads\/2020\/06\/ic-ct-pj-4.png\" alt=\"\" width=\"21\" height=\"21\" \/><\/td>\n<td style=\"width: 50%; height: 21px; text-align: left;\">Time:<\/td>\n<td style=\"width: 50%; height: 21px; text-align: left;\">2020<\/td>\n<\/tr>\n<tr style=\"height: 21px;\">\n<td style=\"width: 7.03027%; height: 21px;\"><img loading=\"lazy\" class=\"aligncenter wp-image-825\" src=\"http:\/\/sonlinh.vn\/wp-content\/uploads\/2020\/06\/ic-ct-pj-6.png\" alt=\"\" width=\"19\" height=\"19\" \/><\/td>\n<td style=\"width: 50%; height: 21px;\">Notes:<\/td>\n<td style=\"width: 50%; height: 21px;\"><\/td>\n<\/tr>\n<\/tbody>\n<\/table>","protected":false},"featured_media":2597,"comment_status":"closed","ping_status":"closed","template":"","meta":[],"_links":{"self":[{"href":"http:\/\/sonlinh.vn\/en\/wp-json\/wp\/v2\/product\/2596"}],"collection":[{"href":"http:\/\/sonlinh.vn\/en\/wp-json\/wp\/v2\/product"}],"about":[{"href":"http:\/\/sonlinh.vn\/en\/wp-json\/wp\/v2\/types\/product"}],"replies":[{"embeddable":true,"href":"http:\/\/sonlinh.vn\/en\/wp-json\/wp\/v2\/comments?post=2596"}],"wp:featuredmedia":[{"embeddable":true,"href":"http:\/\/sonlinh.vn\/en\/wp-json\/wp\/v2\/media\/2597"}],"wp:attachment":[{"href":"http:\/\/sonlinh.vn\/en\/wp-json\/wp\/v2\/media?parent=2596"}],"curies":[{"name":"wp","href":"https:\/\/api.w.org\/{rel}","templated":true}]}}