{"id":2935,"date":"2024-07-05T08:17:07","date_gmt":"2024-07-05T08:17:07","guid":{"rendered":"http:\/\/sonlinh.vn\/?post_type=product&#038;p=2935"},"modified":"2024-08-03T02:22:39","modified_gmt":"2024-08-03T02:22:39","slug":"nha-xuong-cong-ty-cp-green-park-bac-ninh","status":"publish","type":"product","link":"http:\/\/sonlinh.vn\/en\/product\/nha-xuong-cong-ty-cp-green-park-bac-ninh\/","title":{"rendered":"Nh\u00e0 x\u01b0\u1edfng &#8211; C\u00f4ng ty CP Green Park B\u1eafc Ninh"},"content":{"rendered":"","protected":false},"excerpt":{"rendered":"<table style=\"border-collapse: collapse; width: 100%; height: 127px;\">\n<tbody>\n<tr style=\"height: 22px;\">\n<td style=\"width: 7.03027%; height: 22px;\"><img loading=\"lazy\" class=\"aligncenter wp-image-820 size-full\" src=\"http:\/\/sonlinh.vn\/wp-content\/uploads\/2020\/06\/ic-ct-pj-1.png\" alt=\"\" width=\"16\" height=\"22\" \/><\/td>\n<td style=\"width: 50%; height: 22px; text-align: left;\">Investor \/ Main Contractor:<\/td>\n<td style=\"width: 50%; height: 22px; text-align: left;\">C\u00f4ng ty CP \u0110T XD Ng\u00e3i C\u1ea7u<\/td>\n<\/tr>\n<tr style=\"height: 21px;\">\n<td style=\"width: 7.03027%; height: 21px;\"><img loading=\"lazy\" class=\"aligncenter wp-image-821 size-full\" src=\"http:\/\/sonlinh.vn\/wp-content\/uploads\/2020\/06\/ic-ct-pj-2.png\" alt=\"\" width=\"14\" height=\"20\" \/><\/td>\n<td style=\"width: 50%; height: 21px; text-align: left;\">\u0110\u1ecba \u0111i\u1ec3m:KCN<\/td>\n<td style=\"width: 50%; height: 21px; text-align: left;\">KCN Thu\u1eadn Th\u00e0nh 3 &#8211; Thu\u1eadn Th\u00e0nh &#8211; B\u1eafc Ninh<\/td>\n<\/tr>\n<tr style=\"height: 21px;\">\n<td style=\"width: 7.03027%; height: 21px;\"><img loading=\"lazy\" class=\"aligncenter wp-image-822 size-full\" src=\"http:\/\/sonlinh.vn\/wp-content\/uploads\/2020\/06\/ic-ct-pj-3.png\" alt=\"\" width=\"24\" height=\"20\" \/><\/td>\n<td style=\"width: 50%; height: 21px; text-align: left;\">Scale:<\/td>\n<td style=\"width: 50%; height: 21px; text-align: left;\">20.000 m2<\/td>\n<\/tr>\n<tr style=\"height: 21px;\">\n<td style=\"width: 7.03027%; height: 21px;\"><img loading=\"lazy\" class=\"aligncenter wp-image-823 size-full\" src=\"http:\/\/sonlinh.vn\/wp-content\/uploads\/2020\/06\/ic-ct-pj-4.png\" alt=\"\" width=\"21\" height=\"21\" \/><\/td>\n<td style=\"width: 50%; height: 21px; text-align: left;\">Time:<\/td>\n<td style=\"width: 50%; height: 21px; text-align: left;\">2024<\/td>\n<\/tr>\n<tr style=\"height: 21px;\">\n<td style=\"width: 7.03027%; height: 21px;\"><img loading=\"lazy\" class=\"aligncenter wp-image-825\" src=\"http:\/\/sonlinh.vn\/wp-content\/uploads\/2020\/06\/ic-ct-pj-6.png\" alt=\"\" width=\"19\" height=\"19\" \/><\/td>\n<td style=\"width: 50%; height: 21px;\">Notes:<\/td>\n<td style=\"width: 50%; height: 21px;\"><\/td>\n<\/tr>\n<\/tbody>\n<\/table>","protected":false},"featured_media":2936,"comment_status":"closed","ping_status":"closed","template":"","meta":[],"_links":{"self":[{"href":"http:\/\/sonlinh.vn\/en\/wp-json\/wp\/v2\/product\/2935"}],"collection":[{"href":"http:\/\/sonlinh.vn\/en\/wp-json\/wp\/v2\/product"}],"about":[{"href":"http:\/\/sonlinh.vn\/en\/wp-json\/wp\/v2\/types\/product"}],"replies":[{"embeddable":true,"href":"http:\/\/sonlinh.vn\/en\/wp-json\/wp\/v2\/comments?post=2935"}],"wp:featuredmedia":[{"embeddable":true,"href":"http:\/\/sonlinh.vn\/en\/wp-json\/wp\/v2\/media\/2936"}],"wp:attachment":[{"href":"http:\/\/sonlinh.vn\/en\/wp-json\/wp\/v2\/media?parent=2935"}],"curies":[{"name":"wp","href":"https:\/\/api.w.org\/{rel}","templated":true}]}}