{"id":2983,"date":"2026-04-18T02:33:56","date_gmt":"2026-04-18T02:33:56","guid":{"rendered":"http:\/\/sonlinh.vn\/?post_type=product&#038;p=2983"},"modified":"2026-04-18T02:39:37","modified_gmt":"2026-04-18T02:39:37","slug":"nha-may-vien-nen-nang-luong-hai-lang","status":"publish","type":"product","link":"http:\/\/sonlinh.vn\/en\/product\/nha-may-vien-nen-nang-luong-hai-lang\/","title":{"rendered":"Nh\u00e0 m\u00e1y Vi\u00ean n\u00e9n n\u0103ng l\u01b0\u1ee3ng H\u1ea3i L\u0103ng"},"content":{"rendered":"","protected":false},"excerpt":{"rendered":"<table style=\"border-collapse: collapse; width: 100%; height: 127px;\">\n<tbody>\n<tr style=\"height: 22px;\">\n<td style=\"width: 7.03027%; height: 22px;\"><img loading=\"lazy\" class=\"aligncenter wp-image-820 size-full\" src=\"http:\/\/sonlinh.vn\/wp-content\/uploads\/2020\/06\/ic-ct-pj-1.png\" alt=\"\" width=\"16\" height=\"22\" \/><\/td>\n<td style=\"width: 49.5694%; height: 22px; text-align: left;\">Investor \/ Main Contractor:<\/td>\n<td style=\"width: 50.4306%; height: 22px; text-align: left;\">C\u00f4ng ty c\u1ed5 ph\u1ea7n N\u0103ng l\u01b0\u1ee3ng xanh H\u1ea3i L\u0103ng<\/td>\n<\/tr>\n<tr style=\"height: 21px;\">\n<td style=\"width: 7.03027%; height: 21px;\"><img loading=\"lazy\" class=\"aligncenter wp-image-821 size-full\" src=\"http:\/\/sonlinh.vn\/wp-content\/uploads\/2020\/06\/ic-ct-pj-2.png\" alt=\"\" width=\"14\" height=\"20\" \/><\/td>\n<td style=\"width: 49.5694%; height: 21px; text-align: left;\">Address:<\/td>\n<td style=\"width: 50.4306%; height: 21px; text-align: left;\">CCN H\u1ea3i Ch\u00e1nh &#8211; x\u00e3 Nam H\u1ea3i L\u0103ng &#8211; t\u1ec9nh Qu\u1ea3ng Tr\u1ecb<\/td>\n<\/tr>\n<tr style=\"height: 21px;\">\n<td style=\"width: 7.03027%; height: 21px;\"><img loading=\"lazy\" class=\"aligncenter wp-image-822 size-full\" src=\"http:\/\/sonlinh.vn\/wp-content\/uploads\/2020\/06\/ic-ct-pj-3.png\" alt=\"\" width=\"24\" height=\"20\" \/><\/td>\n<td style=\"width: 49.5694%; height: 21px; text-align: left;\">Scale:<\/td>\n<td style=\"width: 50.4306%; height: 21px; text-align: left;\">10.250 m2<\/td>\n<\/tr>\n<tr style=\"height: 21px;\">\n<td style=\"width: 7.03027%; height: 21px;\"><img loading=\"lazy\" class=\"aligncenter wp-image-823 size-full\" src=\"http:\/\/sonlinh.vn\/wp-content\/uploads\/2020\/06\/ic-ct-pj-4.png\" alt=\"\" width=\"21\" height=\"21\" \/><\/td>\n<td style=\"width: 49.5694%; height: 21px; text-align: left;\">Time:<\/td>\n<td style=\"width: 50.4306%; height: 21px; text-align: left;\">2026<\/td>\n<\/tr>\n<tr style=\"height: 21px;\">\n<td style=\"width: 7.03027%; height: 21px;\"><img loading=\"lazy\" class=\"aligncenter wp-image-825\" src=\"http:\/\/sonlinh.vn\/wp-content\/uploads\/2020\/06\/ic-ct-pj-6.png\" alt=\"\" width=\"19\" height=\"19\" \/><\/td>\n<td style=\"width: 49.5694%; height: 21px;\">Notes:<\/td>\n<td style=\"width: 50.4306%; height: 21px;\"><\/td>\n<\/tr>\n<\/tbody>\n<\/table>","protected":false},"featured_media":2985,"comment_status":"closed","ping_status":"closed","template":"","meta":[],"_links":{"self":[{"href":"http:\/\/sonlinh.vn\/en\/wp-json\/wp\/v2\/product\/2983"}],"collection":[{"href":"http:\/\/sonlinh.vn\/en\/wp-json\/wp\/v2\/product"}],"about":[{"href":"http:\/\/sonlinh.vn\/en\/wp-json\/wp\/v2\/types\/product"}],"replies":[{"embeddable":true,"href":"http:\/\/sonlinh.vn\/en\/wp-json\/wp\/v2\/comments?post=2983"}],"wp:featuredmedia":[{"embeddable":true,"href":"http:\/\/sonlinh.vn\/en\/wp-json\/wp\/v2\/media\/2985"}],"wp:attachment":[{"href":"http:\/\/sonlinh.vn\/en\/wp-json\/wp\/v2\/media?parent=2983"}],"curies":[{"name":"wp","href":"https:\/\/api.w.org\/{rel}","templated":true}]}}